{"id":1880,"date":"2018-06-21T12:41:13","date_gmt":"2018-06-21T10:41:13","guid":{"rendered":"http:\/\/titanick.de\/?page_id=1880&#038;amp%3Blang=fr"},"modified":"2024-09-25T17:39:09","modified_gmt":"2024-09-25T15:39:09","slug":"theater-titanick","status":"publish","type":"page","link":"https:\/\/titanick.de\/fr\/theater-titanick\/","title":{"rendered":"Theater Titanick"},"content":{"rendered":"<p>[et_pb_section fb_built=\u00a0\u00bb1&Prime; fullwidth=\u00a0\u00bbon\u00a0\u00bb _builder_version=\u00a0\u00bb4.16&Prime; custom_margin=\u00a0\u00bb||0px||false|false\u00a0\u00bb locked=\u00a0\u00bboff\u00a0\u00bb global_colors_info=\u00a0\u00bb{}\u00a0\u00bb][et_pb_fullwidth_slider admin_label=\u00a0\u00bbVollbreiter Slider Firebirds\u00a0\u00bb _builder_version=\u00a0\u00bb4.27.0&Prime; _module_preset=\u00a0\u00bb273094ce-418a-459f-ac73-fd0667031729&Prime; hover_enabled=\u00a0\u00bb0&Prime; global_colors_info=\u00a0\u00bb{}\u00a0\u00bb button_one_text_size__hover_enabled=\u00a0\u00bboff\u00a0\u00bb button_two_text_size__hover_enabled=\u00a0\u00bboff\u00a0\u00bb button_one_text_color__hover_enabled=\u00a0\u00bboff\u00a0\u00bb button_two_text_color__hover_enabled=\u00a0\u00bboff\u00a0\u00bb button_one_border_width__hover_enabled=\u00a0\u00bboff\u00a0\u00bb button_two_border_width__hover_enabled=\u00a0\u00bboff\u00a0\u00bb button_one_border_color__hover_enabled=\u00a0\u00bboff\u00a0\u00bb button_two_border_color__hover_enabled=\u00a0\u00bboff\u00a0\u00bb button_one_border_radius__hover_enabled=\u00a0\u00bboff\u00a0\u00bb button_two_border_radius__hover_enabled=\u00a0\u00bboff\u00a0\u00bb button_one_letter_spacing__hover_enabled=\u00a0\u00bboff\u00a0\u00bb button_two_letter_spacing__hover_enabled=\u00a0\u00bboff\u00a0\u00bb button_one_bg_color__hover_enabled=\u00a0\u00bboff\u00a0\u00bb button_two_bg_color__hover_enabled=\u00a0\u00bboff\u00a0\u00bb sticky_enabled=\u00a0\u00bb0&Prime;][et_pb_slide use_bg_overlay=\u00a0\u00bboff\u00a0\u00bb use_text_overlay=\u00a0\u00bboff\u00a0\u00bb admin_title=\u00a0\u00bbFolie Open Air Spezialisten\u00a0\u00bb _builder_version=\u00a0\u00bb4.27.0&Prime; header_font=\u00a0\u00bbWork Sans Medium TT||||||||\u00a0\u00bb header_text_align=\u00a0\u00bbright\u00a0\u00bb body_text_align=\u00a0\u00bbright\u00a0\u00bb body_text_color=\u00a0\u00bb#ffffff\u00a0\u00bb body_line_height=\u00a0\u00bb1em\u00a0\u00bb background_image=\u00a0\u00bbhttps:\/\/titanick.de\/wp-content\/uploads\/2020\/10\/die-open-air-spezialisten-banner.jpg\u00a0\u00bb background_enable_image=\u00a0\u00bbon\u00a0\u00bb button_on_hover=\u00a0\u00bbon\u00a0\u00bb text_orientation=\u00a0\u00bbright\u00a0\u00bb hover_enabled=\u00a0\u00bb0&Prime; header_font_size_tablet=\u00a0\u00bb\u00a0\u00bb header_font_size_phone=\u00a0\u00bb\u00a0\u00bb header_font_size_last_edited=\u00a0\u00bbon|desktop\u00a0\u00bb body_font_size_tablet=\u00a0\u00bb\u00a0\u00bb body_font_size_phone=\u00a0\u00bb\u00a0\u00bb body_font_size_last_edited=\u00a0\u00bbon|phone\u00a0\u00bb global_colors_info=\u00a0\u00bb{}\u00a0\u00bb button_text_size__hover_enabled=\u00a0\u00bboff\u00a0\u00bb button_one_text_size__hover_enabled=\u00a0\u00bboff\u00a0\u00bb button_two_text_size__hover_enabled=\u00a0\u00bboff\u00a0\u00bb button_text_color__hover_enabled=\u00a0\u00bboff\u00a0\u00bb button_one_text_color__hover_enabled=\u00a0\u00bboff\u00a0\u00bb button_two_text_color__hover_enabled=\u00a0\u00bboff\u00a0\u00bb button_border_width__hover_enabled=\u00a0\u00bboff\u00a0\u00bb button_one_border_width__hover_enabled=\u00a0\u00bboff\u00a0\u00bb button_two_border_width__hover_enabled=\u00a0\u00bboff\u00a0\u00bb button_border_color__hover_enabled=\u00a0\u00bboff\u00a0\u00bb button_one_border_color__hover_enabled=\u00a0\u00bboff\u00a0\u00bb button_two_border_color__hover_enabled=\u00a0\u00bboff\u00a0\u00bb button_border_radius__hover_enabled=\u00a0\u00bboff\u00a0\u00bb button_one_border_radius__hover_enabled=\u00a0\u00bboff\u00a0\u00bb button_two_border_radius__hover_enabled=\u00a0\u00bboff\u00a0\u00bb button_letter_spacing__hover_enabled=\u00a0\u00bboff\u00a0\u00bb button_one_letter_spacing__hover_enabled=\u00a0\u00bboff\u00a0\u00bb button_two_letter_spacing__hover_enabled=\u00a0\u00bboff\u00a0\u00bb button_bg_color__hover_enabled=\u00a0\u00bboff\u00a0\u00bb button_one_bg_color__hover_enabled=\u00a0\u00bboff\u00a0\u00bb button_two_bg_color__hover_enabled=\u00a0\u00bboff\u00a0\u00bb sticky_transition=\u00a0\u00bbon\u00a0\u00bb body_font_size=\u00a0\u00bb66px\u00a0\u00bb body_font=\u00a0\u00bbWork Sans Bold 700|700|||||||\u00a0\u00bb sticky_enabled=\u00a0\u00bb0&Prime;]<\/p>\n<p>Les sp\u00e9cialistes du th\u00e9\u00e2tre de rue<\/p>\n<p>[\/et_pb_slide][\/et_pb_fullwidth_slider][\/et_pb_section][et_pb_section fb_built=\u00a0\u00bb1&Prime; _builder_version=\u00a0\u00bb4.16&Prime; _module_preset=\u00a0\u00bbdefault\u00a0\u00bb custom_padding=\u00a0\u00bb26px|||||\u00a0\u00bb global_colors_info=\u00a0\u00bb{}\u00a0\u00bb][et_pb_row column_structure=\u00a0\u00bb1_5,3_5,1_5&Prime; _builder_version=\u00a0\u00bb4.16&Prime; _module_preset=\u00a0\u00bbdefault\u00a0\u00bb custom_padding=\u00a0\u00bb||2px|||\u00a0\u00bb global_colors_info=\u00a0\u00bb{}\u00a0\u00bb][et_pb_column type=\u00a0\u00bb1_5&Prime; _builder_version=\u00a0\u00bb4.16&Prime; _module_preset=\u00a0\u00bbdefault\u00a0\u00bb global_colors_info=\u00a0\u00bb{}\u00a0\u00bb][\/et_pb_column][et_pb_column type=\u00a0\u00bb3_5&Prime; _builder_version=\u00a0\u00bb4.16&Prime; _module_preset=\u00a0\u00bbdefault\u00a0\u00bb global_colors_info=\u00a0\u00bb{}\u00a0\u00bb][et_pb_text _builder_version=\u00a0\u00bb4.16&Prime; _module_preset=\u00a0\u00bbdefault\u00a0\u00bb text_font=\u00a0\u00bbWork Sans Medium TT|700|||||||\u00a0\u00bb global_colors_info=\u00a0\u00bb{}\u00a0\u00bb]<\/p>\n<p><strong>Theater Titanick est une des plus grandes compagnies de th\u00e9\u00e2tre de rue en Europe. Figures \u00e9tranges, machines fascinantes, musique live, effets sp\u00e9ciaux : Theater Titanick met en sc\u00e8ne de grands mythes de l\u2019histoire de l\u2019homme, de la nature et de la technique.<br \/><\/strong><\/p>\n<p>[\/et_pb_text][et_pb_text _builder_version=\u00a0\u00bb4.16&Prime; _module_preset=\u00a0\u00bbdefault\u00a0\u00bb global_colors_info=\u00a0\u00bb{}\u00a0\u00bb]<\/p>\n<p>Des images fortes de son et lumi\u00e8re introduisent des sc\u00e8nes sauvages ou po\u00e9tiques, des personnages grotesques, et un humour grin\u00e7ant. Le travail de Theater Titanick s\u2019inscrit dans des si\u00e8cles de tradition de th\u00e9\u00e2tre populaire et fait surgir, en utilisant des moyens d\u2019expression modernes, des mondes d\u2019images compr\u00e9hensibles dans toutes les cultures, et qui partout captivent et fascinent. Le groupe Theater Titanick a \u00e9t\u00e9 fond\u00e9 en 1990 par des artistes de M\u00fcnster et de Leipzig et s\u2019est rapidement \u00e9largi pour devenir une troupe internationale. Theater Titanick compte aujourd\u2019hui parmi les plus grandes compagnies dans le monde du th\u00e9\u00e2tre de rue.<br \/>Titanick a cr\u00e9\u00e9 15 spectacles de r\u00e9pertoire et les a pr\u00e9sent\u00e9s dans 28 pays sur 4 continents, remportant de nombreux prix sur sa route, par exemple au Festival International de Th\u00e9\u00e2tre B.I.T.E.F. 1994 \u00e0 Belgrade, Serbie, le \u00ab Coup de c\u0153ur \u00bb du Festival Juste Pour Rire 2002 \u00e0 Montr\u00e9al, au Tvr\u0111ava Teatar Festival 2009 \u00e0 Smederevo, Serbie et au Festival International de Th\u00e9\u00e2tre de Rue 2011 et 2017 \u00e0 Holzminden, Allemagne avec ses productions \u00ab SYMPHONIE DES FOURNEAUX \u00bb et \u00ab ALICE ON THE RUN \u00bb.<\/p>\n<p>Theater Titanick cr\u00e9e \u00e9galement des productions sur mesure pour des occasions et lieux sp\u00e9cifiques, par exemple PAX pour les 350 ans de la paix de Westphalie, QUADRATWURZEL pour les 400 ans de la ville de Mannheim 2007, AUF RUHR pour les 200 Jahre de M\u00fchlheim an der Ruhr 2008, LIPSIAS L\u00d6WEN \u00e0 l\u2019occasion des 1000 ans de la ville de Leipzig in 2015 et GOLD-RAUSCH pour les 250 ans de l\u2019industrie de l\u2019or et de la joallerie de Pforzheim 2017.<\/p>\n<p>Le plus gros succ\u00e8s, c\u2019est cependant les centaines de milliers de spectateurs captiv\u00e9s, qui ont fait de Theater Titanick une r\u00e9f\u00e9rence du th\u00e9\u00e2tre de rue \u00e0 l\u2019\u00e9chelle internationale.<\/p>\n<p>[\/et_pb_text][\/et_pb_column][et_pb_column type=\u00a0\u00bb1_5&Prime; _builder_version=\u00a0\u00bb4.16&Prime; _module_preset=\u00a0\u00bbdefault\u00a0\u00bb global_colors_info=\u00a0\u00bb{}\u00a0\u00bb][\/et_pb_column][\/et_pb_row][\/et_pb_section][et_pb_section fb_built=\u00a0\u00bb1&Prime; admin_label=\u00a0\u00bbSektion Footer v01&Prime; _builder_version=\u00a0\u00bb4.12.1&Prime; background_color=\u00a0\u00bb#000000&Prime; custom_padding=\u00a0\u00bb13px|0px|0px|0px||\u00a0\u00bb global_module=\u00a0\u00bb1812&Prime; global_colors_info=\u00a0\u00bb{}\u00a0\u00bb][et_pb_row disabled_on=\u00a0\u00bboff|off|off\u00a0\u00bb admin_label=\u00a0\u00bbZeile\u00a0\u00bb _builder_version=\u00a0\u00bb4.16&Prime; background_size=\u00a0\u00bbinitial\u00a0\u00bb background_position=\u00a0\u00bbtop_left\u00a0\u00bb background_repeat=\u00a0\u00bbrepeat\u00a0\u00bb custom_padding=\u00a0\u00bb13px|||||\u00a0\u00bb global_colors_info=\u00a0\u00bb{}\u00a0\u00bb][et_pb_column type=\u00a0\u00bb4_4&Prime; _builder_version=\u00a0\u00bb4.16&Prime; custom_padding=\u00a0\u00bb|||\u00a0\u00bb global_colors_info=\u00a0\u00bb{}\u00a0\u00bb custom_padding__hover=\u00a0\u00bb|||\u00a0\u00bb][et_pb_button button_url=\u00a0\u00bb\/fr\/newsletter\/\u00a0\u00bb button_text=\u00a0\u00bbNewsletter\u00a0\u00bb admin_label=\u00a0\u00bbButton\u00a0\u00bb _builder_version=\u00a0\u00bb4.23.4&Prime; _module_preset=\u00a0\u00bb3c87f704-51a9-4fe5-b7f7-c622be2f3a5a\u00a0\u00bb button_bg_color=\u00a0\u00bb#FFFFFF\u00a0\u00bb button_bg_color_last_edited=\u00a0\u00bboff|desktop\u00a0\u00bb locked=\u00a0\u00bboff\u00a0\u00bb global_colors_info=\u00a0\u00bb{}\u00a0\u00bb][\/et_pb_button][\/et_pb_column][\/et_pb_row][et_pb_row disabled_on=\u00a0\u00bboff|off|off\u00a0\u00bb admin_label=\u00a0\u00bbZeile\u00a0\u00bb _builder_version=\u00a0\u00bb4.16&Prime; background_size=\u00a0\u00bbinitial\u00a0\u00bb background_position=\u00a0\u00bbtop_left\u00a0\u00bb background_repeat=\u00a0\u00bbrepeat\u00a0\u00bb global_colors_info=\u00a0\u00bb{}\u00a0\u00bb][et_pb_column type=\u00a0\u00bb4_4&Prime; _builder_version=\u00a0\u00bb4.16&Prime; custom_padding=\u00a0\u00bb|||\u00a0\u00bb global_colors_info=\u00a0\u00bb{}\u00a0\u00bb custom_padding__hover=\u00a0\u00bb|||\u00a0\u00bb][et_pb_image src=\u00a0\u00bbhttps:\/\/titanick.de\/wp-content\/uploads\/2022\/08\/Titanick-Unterstuetzerinnen-01.svg\u00a0\u00bb title_text=\u00a0\u00bbTitanick-Unterstuetzerinnen-01&Prime; align=\u00a0\u00bbcenter\u00a0\u00bb force_fullwidth=\u00a0\u00bbon\u00a0\u00bb src_tablet=\u00a0\u00bbhttps:\/\/titanick.de\/wp-content\/uploads\/2022\/08\/Titanick-Unterstuetzerinnen-01.svg\u00a0\u00bb src_phone=\u00a0\u00bbhttps:\/\/titanick.de\/wp-content\/uploads\/2022\/08\/Titanick-Unterstuetzerinnen-03.svg\u00a0\u00bb src_last_edited=\u00a0\u00bbon|tablet\u00a0\u00bb _builder_version=\u00a0\u00bb4.18.0&Prime; _module_preset=\u00a0\u00bbdefault\u00a0\u00bb global_colors_info=\u00a0\u00bb{}\u00a0\u00bb][\/et_pb_image][\/et_pb_column][\/et_pb_row][et_pb_row admin_label=\u00a0\u00bbZeile\u00a0\u00bb _builder_version=\u00a0\u00bb4.16&Prime; background_size=\u00a0\u00bbinitial\u00a0\u00bb background_position=\u00a0\u00bbtop_left\u00a0\u00bb background_repeat=\u00a0\u00bbrepeat\u00a0\u00bb global_colors_info=\u00a0\u00bb{}\u00a0\u00bb][et_pb_column type=\u00a0\u00bb4_4&Prime; _builder_version=\u00a0\u00bb4.16&Prime; custom_padding=\u00a0\u00bb|||\u00a0\u00bb global_colors_info=\u00a0\u00bb{}\u00a0\u00bb custom_padding__hover=\u00a0\u00bb|||\u00a0\u00bb][et_pb_text _builder_version=\u00a0\u00bb4.23.4&Prime; _module_preset=\u00a0\u00bb04ecb8b9-ae47-4faa-9bcf-42128f88a4f3&Prime; text_font=\u00a0\u00bbWork Sans Medium TT|||on|||||\u00a0\u00bb text_font_size=\u00a0\u00bb14px\u00a0\u00bb text_letter_spacing=\u00a0\u00bb1px\u00a0\u00bb header_line_height=\u00a0\u00bb1.6em\u00a0\u00bb header_3_font=\u00a0\u00bbPragrati Narrow Regular TT||||||||\u00a0\u00bb header_3_text_color=\u00a0\u00bb#000000&Prime; header_6_font_size=\u00a0\u00bb14px\u00a0\u00bb header_6_letter_spacing=\u00a0\u00bb0px\u00a0\u00bb header_6_line_height=\u00a0\u00bb1.5em\u00a0\u00bb text_orientation=\u00a0\u00bbcenter\u00a0\u00bb background_layout=\u00a0\u00bbdark\u00a0\u00bb text_font_size_phone=\u00a0\u00bb11px\u00a0\u00bb global_colors_info=\u00a0\u00bb{}\u00a0\u00bb]<\/p>\n<p><span style=\"color: #ffffff;\"><a href=\"\/fr\/mentions-legales\/\" style=\"color: #ffffff;\">Mentions legales<\/a>\u2003\u00a0\u00a0\u00a0\u00a0 \u2003<a href=\"\/fr\/protection-des-donnees\/\" style=\"color: #ffffff;\">Protection des donn\u00e9es<\/a><\/span><\/p>\n<p>[\/et_pb_text][et_pb_social_media_follow use_icon_font_size=\u00a0\u00bbon\u00a0\u00bb icon_font_size=\u00a0\u00bb27px\u00a0\u00bb admin_label=\u00a0\u00bbSocial Media\u00a0\u00bb module_class=\u00a0\u00bbfusslink\u00a0\u00bb _builder_version=\u00a0\u00bb4.16&Prime; text_orientation=\u00a0\u00bbcenter\u00a0\u00bb global_colors_info=\u00a0\u00bb{}\u00a0\u00bb icon_color__hover_enabled=\u00a0\u00bbon|hover\u00a0\u00bb icon_color__hover=\u00a0\u00bb#ffffff\u00a0\u00bb][et_pb_social_media_follow_network social_network=\u00a0\u00bbfacebook\u00a0\u00bb url=\u00a0\u00bbhttps:\/\/www.facebook.com\/TheaterTitanick\/\u00a0\u00bb _builder_version=\u00a0\u00bb4.16&Prime; custom_padding=\u00a0\u00bb0px|0px|21px|0px|false|false\u00a0\u00bb global_colors_info=\u00a0\u00bb{}\u00a0\u00bb follow_button=\u00a0\u00bboff\u00a0\u00bb url_new_window=\u00a0\u00bbon\u00a0\u00bb]facebook[\/et_pb_social_media_follow_network][et_pb_social_media_follow_network social_network=\u00a0\u00bbinstagram\u00a0\u00bb url=\u00a0\u00bbhttps:\/\/www.instagram.com\/theatertitanick\/\u00a0\u00bb _builder_version=\u00a0\u00bb4.16&Prime; custom_padding=\u00a0\u00bb0px|0px|21px|0px|false|false\u00a0\u00bb global_colors_info=\u00a0\u00bb{}\u00a0\u00bb follow_button=\u00a0\u00bboff\u00a0\u00bb url_new_window=\u00a0\u00bbon\u00a0\u00bb]instagram[\/et_pb_social_media_follow_network][et_pb_social_media_follow_network social_network=\u00a0\u00bbyoutube\u00a0\u00bb url=\u00a0\u00bbhttps:\/\/www.youtube.com\/channel\/UC3x_CuC-Coe4kEVGl0GUINw\u00a0\u00bb _builder_version=\u00a0\u00bb4.16&Prime; custom_padding=\u00a0\u00bb0px|0px|21px|0px|false|false\u00a0\u00bb global_colors_info=\u00a0\u00bb{}\u00a0\u00bb icon_color__hover_enabled=\u00a0\u00bbon|hover\u00a0\u00bb follow_button=\u00a0\u00bboff\u00a0\u00bb url_new_window=\u00a0\u00bbon\u00a0\u00bb]youtube[\/et_pb_social_media_follow_network][\/et_pb_social_media_follow][et_pb_text admin_label=\u00a0\u00bbText\u00a0\u00bb _builder_version=\u00a0\u00bb4.20.2&Prime; _dynamic_attributes=\u00a0\u00bbcontent\u00a0\u00bb text_font=\u00a0\u00bbWork Sans Bold 700|||on|||||\u00a0\u00bb text_text_color=\u00a0\u00bb#FFFFFF\u00a0\u00bb text_font_size=\u00a0\u00bb16px\u00a0\u00bb header_line_height=\u00a0\u00bb1.6em\u00a0\u00bb header_3_font=\u00a0\u00bbPragrati Narrow Regular TT||||||||\u00a0\u00bb header_3_text_color=\u00a0\u00bb#000000&Prime; header_6_line_height=\u00a0\u00bb1.5em\u00a0\u00bb text_orientation=\u00a0\u00bbcenter\u00a0\u00bb background_layout=\u00a0\u00bbdark\u00a0\u00bb custom_padding=\u00a0\u00bb0px|0px|21px|0px|false|false\u00a0\u00bb text_text_align=\u00a0\u00bbcenter\u00a0\u00bb global_colors_info=\u00a0\u00bb{}\u00a0\u00bb]@ET-DC@eyJkeW5hbWljIjp0cnVlLCJjb250ZW50IjoiY3VycmVudF9kYXRlIiwic2V0dGluZ3MiOnsiYmVmb3JlIjoiXHUwMGE5ICIsImFmdGVyIjoiIFRoZWF0ZXIgVGl0YW5pY2siLCJkYXRlX2Zvcm1hdCI6ImN1c3RvbSIsImN1c3RvbV9kYXRlX2Zvcm1hdCI6IlkifX0=@[\/et_pb_text][et_pb_text admin_label=\u00a0\u00bbText\u00a0\u00bb _builder_version=\u00a0\u00bb4.20.2&Prime; text_font=\u00a0\u00bbWork Sans Medium Italic TT|||on|||||\u00a0\u00bb text_text_color=\u00a0\u00bb#000000&Prime; text_font_size=\u00a0\u00bb1px\u00a0\u00bb header_line_height=\u00a0\u00bb1.6em\u00a0\u00bb header_3_font=\u00a0\u00bbPragrati Narrow Regular TT||||||||\u00a0\u00bb header_3_text_color=\u00a0\u00bb#000000&Prime; header_6_line_height=\u00a0\u00bb1.5em\u00a0\u00bb text_orientation=\u00a0\u00bbcenter\u00a0\u00bb background_layout=\u00a0\u00bbdark\u00a0\u00bb custom_padding=\u00a0\u00bb0px|0px|21px|0px|false|false\u00a0\u00bb text_font_size_tablet=\u00a0\u00bb1px\u00a0\u00bb text_font_size_phone=\u00a0\u00bb1px\u00a0\u00bb text_text_align=\u00a0\u00bbcenter\u00a0\u00bb global_colors_info=\u00a0\u00bb{}\u00a0\u00bb]<\/p>\n<p>kurisv<\/p>\n<p>[\/et_pb_text][\/et_pb_column][\/et_pb_row][\/et_pb_section]<\/p>\n","protected":false},"excerpt":{"rendered":"<p>Les sp\u00e9cialistes du th\u00e9\u00e2tre de rueTheater Titanick est une des plus grandes compagnies de th\u00e9\u00e2tre de rue en Europe. Figures \u00e9tranges, machines fascinantes, musique live, effets sp\u00e9ciaux : Theater Titanick met en sc\u00e8ne de grands mythes de l\u2019histoire de l\u2019homme, de la nature et de la technique.Des images fortes de son et lumi\u00e8re introduisent des [&hellip;]<\/p>\n","protected":false},"author":1,"featured_media":0,"parent":0,"menu_order":0,"comment_status":"closed","ping_status":"closed","template":"","meta":{"_et_pb_use_builder":"on","_et_pb_old_content":"","_et_gb_content_width":"","inline_featured_image":false,"footnotes":""},"class_list":["post-1880","page","type-page","status-publish","hentry"],"yoast_head":"<!-- This site is optimized with the Yoast SEO plugin v27.5 - https:\/\/yoast.com\/product\/yoast-seo-wordpress\/ -->\n<title>Theater Titanick - Theater Titanick<\/title>\n<meta name=\"robots\" content=\"index, follow, max-snippet:-1, max-image-preview:large, max-video-preview:-1\" \/>\n<link rel=\"canonical\" href=\"https:\/\/titanick.de\/fr\/theater-titanick\/\" \/>\n<meta property=\"og:locale\" content=\"fr_FR\" \/>\n<meta property=\"og:type\" content=\"article\" \/>\n<meta property=\"og:title\" content=\"Theater Titanick - Theater Titanick\" \/>\n<meta property=\"og:description\" content=\"Les sp\u00e9cialistes du th\u00e9\u00e2tre de rueTheater Titanick est une des plus grandes compagnies de th\u00e9\u00e2tre de rue en Europe. Figures \u00e9tranges, machines fascinantes, musique live, effets sp\u00e9ciaux : Theater Titanick met en sc\u00e8ne de grands mythes de l\u2019histoire de l\u2019homme, de la nature et de la technique.Des images fortes de son et lumi\u00e8re introduisent des [&hellip;]\" \/>\n<meta property=\"og:url\" content=\"https:\/\/titanick.de\/fr\/theater-titanick\/\" \/>\n<meta property=\"og:site_name\" content=\"Theater Titanick\" \/>\n<meta property=\"article:modified_time\" content=\"2024-09-25T15:39:09+00:00\" \/>\n<meta name=\"twitter:card\" content=\"summary_large_image\" \/>\n<meta name=\"twitter:label1\" content=\"Dur\u00e9e de lecture estim\u00e9e\" \/>\n\t<meta name=\"twitter:data1\" content=\"8 minutes\" \/>\n<script type=\"application\/ld+json\" class=\"yoast-schema-graph\">{\"@context\":\"https:\\\/\\\/schema.org\",\"@graph\":[{\"@type\":\"WebPage\",\"@id\":\"https:\\\/\\\/titanick.de\\\/fr\\\/theater-titanick\\\/\",\"url\":\"https:\\\/\\\/titanick.de\\\/fr\\\/theater-titanick\\\/\",\"name\":\"Theater Titanick - Theater Titanick\",\"isPartOf\":{\"@id\":\"https:\\\/\\\/titanick.de\\\/en\\\/#website\"},\"datePublished\":\"2018-06-21T10:41:13+00:00\",\"dateModified\":\"2024-09-25T15:39:09+00:00\",\"breadcrumb\":{\"@id\":\"https:\\\/\\\/titanick.de\\\/fr\\\/theater-titanick\\\/#breadcrumb\"},\"inLanguage\":\"fr-FR\",\"potentialAction\":[{\"@type\":\"ReadAction\",\"target\":[\"https:\\\/\\\/titanick.de\\\/fr\\\/theater-titanick\\\/\"]}]},{\"@type\":\"BreadcrumbList\",\"@id\":\"https:\\\/\\\/titanick.de\\\/fr\\\/theater-titanick\\\/#breadcrumb\",\"itemListElement\":[{\"@type\":\"ListItem\",\"position\":1,\"name\":\"Startseite\",\"item\":\"https:\\\/\\\/titanick.de\\\/fr\\\/\"},{\"@type\":\"ListItem\",\"position\":2,\"name\":\"Theater Titanick\"}]},{\"@type\":\"WebSite\",\"@id\":\"https:\\\/\\\/titanick.de\\\/en\\\/#website\",\"url\":\"https:\\\/\\\/titanick.de\\\/en\\\/\",\"name\":\"Theater Titanick\",\"description\":\"Stra\u00dfentheater\",\"publisher\":{\"@id\":\"https:\\\/\\\/titanick.de\\\/en\\\/#organization\"},\"potentialAction\":[{\"@type\":\"SearchAction\",\"target\":{\"@type\":\"EntryPoint\",\"urlTemplate\":\"https:\\\/\\\/titanick.de\\\/en\\\/?s={search_term_string}\"},\"query-input\":{\"@type\":\"PropertyValueSpecification\",\"valueRequired\":true,\"valueName\":\"search_term_string\"}}],\"inLanguage\":\"fr-FR\"},{\"@type\":\"Organization\",\"@id\":\"https:\\\/\\\/titanick.de\\\/en\\\/#organization\",\"name\":\"Theater Titanick\",\"url\":\"https:\\\/\\\/titanick.de\\\/en\\\/\",\"logo\":{\"@type\":\"ImageObject\",\"inLanguage\":\"fr-FR\",\"@id\":\"https:\\\/\\\/titanick.de\\\/en\\\/#\\\/schema\\\/logo\\\/image\\\/\",\"url\":\"https:\\\/\\\/titanick.de\\\/wp-content\\\/uploads\\\/2018\\\/09\\\/theater-titanick-alice.jpg\",\"contentUrl\":\"https:\\\/\\\/titanick.de\\\/wp-content\\\/uploads\\\/2018\\\/09\\\/theater-titanick-alice.jpg\",\"width\":772,\"height\":600,\"caption\":\"Theater Titanick\"},\"image\":{\"@id\":\"https:\\\/\\\/titanick.de\\\/en\\\/#\\\/schema\\\/logo\\\/image\\\/\"}}]}<\/script>\n<!-- \/ Yoast SEO plugin. -->","yoast_head_json":{"title":"Theater Titanick - Theater Titanick","robots":{"index":"index","follow":"follow","max-snippet":"max-snippet:-1","max-image-preview":"max-image-preview:large","max-video-preview":"max-video-preview:-1"},"canonical":"https:\/\/titanick.de\/fr\/theater-titanick\/","og_locale":"fr_FR","og_type":"article","og_title":"Theater Titanick - Theater Titanick","og_description":"Les sp\u00e9cialistes du th\u00e9\u00e2tre de rueTheater Titanick est une des plus grandes compagnies de th\u00e9\u00e2tre de rue en Europe. Figures \u00e9tranges, machines fascinantes, musique live, effets sp\u00e9ciaux : Theater Titanick met en sc\u00e8ne de grands mythes de l\u2019histoire de l\u2019homme, de la nature et de la technique.Des images fortes de son et lumi\u00e8re introduisent des [&hellip;]","og_url":"https:\/\/titanick.de\/fr\/theater-titanick\/","og_site_name":"Theater Titanick","article_modified_time":"2024-09-25T15:39:09+00:00","twitter_card":"summary_large_image","twitter_misc":{"Dur\u00e9e de lecture estim\u00e9e":"8 minutes"},"schema":{"@context":"https:\/\/schema.org","@graph":[{"@type":"WebPage","@id":"https:\/\/titanick.de\/fr\/theater-titanick\/","url":"https:\/\/titanick.de\/fr\/theater-titanick\/","name":"Theater Titanick - Theater Titanick","isPartOf":{"@id":"https:\/\/titanick.de\/en\/#website"},"datePublished":"2018-06-21T10:41:13+00:00","dateModified":"2024-09-25T15:39:09+00:00","breadcrumb":{"@id":"https:\/\/titanick.de\/fr\/theater-titanick\/#breadcrumb"},"inLanguage":"fr-FR","potentialAction":[{"@type":"ReadAction","target":["https:\/\/titanick.de\/fr\/theater-titanick\/"]}]},{"@type":"BreadcrumbList","@id":"https:\/\/titanick.de\/fr\/theater-titanick\/#breadcrumb","itemListElement":[{"@type":"ListItem","position":1,"name":"Startseite","item":"https:\/\/titanick.de\/fr\/"},{"@type":"ListItem","position":2,"name":"Theater Titanick"}]},{"@type":"WebSite","@id":"https:\/\/titanick.de\/en\/#website","url":"https:\/\/titanick.de\/en\/","name":"Theater Titanick","description":"Stra\u00dfentheater","publisher":{"@id":"https:\/\/titanick.de\/en\/#organization"},"potentialAction":[{"@type":"SearchAction","target":{"@type":"EntryPoint","urlTemplate":"https:\/\/titanick.de\/en\/?s={search_term_string}"},"query-input":{"@type":"PropertyValueSpecification","valueRequired":true,"valueName":"search_term_string"}}],"inLanguage":"fr-FR"},{"@type":"Organization","@id":"https:\/\/titanick.de\/en\/#organization","name":"Theater Titanick","url":"https:\/\/titanick.de\/en\/","logo":{"@type":"ImageObject","inLanguage":"fr-FR","@id":"https:\/\/titanick.de\/en\/#\/schema\/logo\/image\/","url":"https:\/\/titanick.de\/wp-content\/uploads\/2018\/09\/theater-titanick-alice.jpg","contentUrl":"https:\/\/titanick.de\/wp-content\/uploads\/2018\/09\/theater-titanick-alice.jpg","width":772,"height":600,"caption":"Theater Titanick"},"image":{"@id":"https:\/\/titanick.de\/en\/#\/schema\/logo\/image\/"}}]}},"_links":{"self":[{"href":"https:\/\/titanick.de\/fr\/wp-json\/wp\/v2\/pages\/1880","targetHints":{"allow":["GET"]}}],"collection":[{"href":"https:\/\/titanick.de\/fr\/wp-json\/wp\/v2\/pages"}],"about":[{"href":"https:\/\/titanick.de\/fr\/wp-json\/wp\/v2\/types\/page"}],"author":[{"embeddable":true,"href":"https:\/\/titanick.de\/fr\/wp-json\/wp\/v2\/users\/1"}],"replies":[{"embeddable":true,"href":"https:\/\/titanick.de\/fr\/wp-json\/wp\/v2\/comments?post=1880"}],"version-history":[{"count":0,"href":"https:\/\/titanick.de\/fr\/wp-json\/wp\/v2\/pages\/1880\/revisions"}],"wp:attachment":[{"href":"https:\/\/titanick.de\/fr\/wp-json\/wp\/v2\/media?parent=1880"}],"curies":[{"name":"wp","href":"https:\/\/api.w.org\/{rel}","templated":true}]}}