{"id":1898,"date":"2018-06-21T12:47:10","date_gmt":"2018-06-21T10:47:10","guid":{"rendered":"http:\/\/titanick.de\/?page_id=1898&#038;amp%3Blang=fr"},"modified":"2022-04-04T00:21:19","modified_gmt":"2022-04-03T22:21:19","slug":"mentions-legales","status":"publish","type":"page","link":"https:\/\/titanick.de\/fr\/mentions-legales\/","title":{"rendered":"Mentions L\u00e9gales"},"content":{"rendered":"<p>[et_pb_section fb_built=\u00a0\u00bb1&Prime; _builder_version=\u00a0\u00bb4.16&Prime; global_colors_info=\u00a0\u00bb{}\u00a0\u00bb][et_pb_row module_class=\u00a0\u00bb et_pb_row_fullwidth\u00a0\u00bb _builder_version=\u00a0\u00bb4.16&Prime; width=\u00a0\u00bb94%\u00a0\u00bb width_tablet=\u00a0\u00bb80%\u00a0\u00bb width_last_edited=\u00a0\u00bbon|desktop\u00a0\u00bb max_width=\u00a0\u00bb94%\u00a0\u00bb max_width_tablet=\u00a0\u00bb80%\u00a0\u00bb max_width_last_edited=\u00a0\u00bbon|desktop\u00a0\u00bb make_fullwidth=\u00a0\u00bbon\u00a0\u00bb global_colors_info=\u00a0\u00bb{}\u00a0\u00bb column_structure=\u00a0\u00bb1_4,1_2,1_4&Prime; width_phone=\u00a0\u00bb80%\u00a0\u00bb max_width_phone=\u00a0\u00bb80%\u00a0\u00bb][et_pb_column type=\u00a0\u00bb1_4&Prime; _builder_version=\u00a0\u00bb4.16&Prime; custom_padding=\u00a0\u00bb|||\u00a0\u00bb global_colors_info=\u00a0\u00bb{}\u00a0\u00bb custom_padding__hover=\u00a0\u00bb|||\u00a0\u00bb][\/et_pb_column][et_pb_column type=\u00a0\u00bb1_2&Prime; _builder_version=\u00a0\u00bb4.16&Prime; custom_padding=\u00a0\u00bb|||\u00a0\u00bb global_colors_info=\u00a0\u00bb{}\u00a0\u00bb custom_padding__hover=\u00a0\u00bb|||\u00a0\u00bb][et_pb_text _builder_version=\u00a0\u00bb4.16.0&Prime; hover_enabled=\u00a0\u00bb0&Prime; global_colors_info=\u00a0\u00bb{}\u00a0\u00bb sticky_enabled=\u00a0\u00bb0&Prime;]<\/p>\n<h2>Mentions L\u00e9gales<\/h2>\n<p>Angaben gem\u00e4\u00df \u00a7 5 TMG:<br \/>Theater Titanick GbR, Hoppengarten 28\u202848147 M\u00fcnster<br \/>Kontakt: Tel. +49 (0)251 2841101\u2028, Fax +49 (0)251 2841102, info(at)titanick.de<br \/>Vertreten durch: Uwe K\u00f6hler (<a href=\"https:\/\/uwe-k\u00f6hler.de\" target=\"_blank\" rel=\"noopener\">www.uwe-k\u00f6hler.de<\/a>)<br \/>Umsatzsteuer-Identifikationsnummer: DE303697944<\/p>\n<p>Urheberrechtliche Hinweise:<br \/>M. Ahlke, M. Alby, J. Alemann, P. Baila, J. Busch, D.Buchholz, D. Dumitru, R. Eichhorn, R. Emmerich, U. Goo\u00dfens, S. Hehmann, M. Jehnichen, A. Kmieciak, U. K\u00f6hler, G.T. Krullmann, S. Marcovici, A. Matthes, D. Odrowaz, A. Parini, C. Schrein, F. Sobieray, J.M. Tronquet, Holzminden TAH W. ProX<\/p>\n<p>Verantwortlich f\u00fcr journalistisch-redaktionelle Inhalte ist: Theater Titanick GbR<\/p>\n<p><em>Das Impressum wurde mit dem <a href=\"https:\/\/www.activemind.de\/datenschutz\/impressums-generator\/\">Impressums-Generator der activeMind AG<\/a> erstellt.<\/em><\/p>\n<p>[\/et_pb_text][\/et_pb_column][et_pb_column type=\u00a0\u00bb1_4&Prime; _builder_version=\u00a0\u00bb4.16&Prime; custom_padding=\u00a0\u00bb|||\u00a0\u00bb global_colors_info=\u00a0\u00bb{}\u00a0\u00bb custom_padding__hover=\u00a0\u00bb|||\u00a0\u00bb][\/et_pb_column][\/et_pb_row][\/et_pb_section][et_pb_section fb_built=\u00a0\u00bb1&Prime; admin_label=\u00a0\u00bbSektion Footer v01&Prime; _builder_version=\u00a0\u00bb4.12.1&Prime; background_color=\u00a0\u00bb#000000&Prime; custom_padding=\u00a0\u00bb13px|0px|0px|0px||\u00a0\u00bb global_module=\u00a0\u00bb1812&Prime; global_colors_info=\u00a0\u00bb{}\u00a0\u00bb][et_pb_row admin_label=\u00a0\u00bbZeile\u00a0\u00bb _builder_version=\u00a0\u00bb4.16&Prime; background_size=\u00a0\u00bbinitial\u00a0\u00bb background_position=\u00a0\u00bbtop_left\u00a0\u00bb background_repeat=\u00a0\u00bbrepeat\u00a0\u00bb global_colors_info=\u00a0\u00bb{}\u00a0\u00bb][et_pb_column type=\u00a0\u00bb4_4&Prime; _builder_version=\u00a0\u00bb4.16&Prime; custom_padding=\u00a0\u00bb|||\u00a0\u00bb global_colors_info=\u00a0\u00bb{}\u00a0\u00bb custom_padding__hover=\u00a0\u00bb|||\u00a0\u00bb][et_pb_button button_url=\u00a0\u00bbhttps:\/\/titanick.de\/fr\/abonner-la-newsletter\/\u00a0\u00bb button_text=\u00a0\u00bbNewsletter\u00a0\u00bb admin_label=\u00a0\u00bbButton\u00a0\u00bb _builder_version=\u00a0\u00bb4.16&Prime; _module_preset=\u00a0\u00bb3c87f704-51a9-4fe5-b7f7-c622be2f3a5a\u00a0\u00bb button_text_size=\u00a0\u00bb19px\u00a0\u00bb button_letter_spacing=\u00a0\u00bb1px\u00a0\u00bb button_font=\u00a0\u00bbWork Sans Medium TT||||||||\u00a0\u00bb custom_margin=\u00a0\u00bb19px||8px||false|false\u00a0\u00bb custom_padding=\u00a0\u00bb13px|53px|13px|53px|false|true\u00a0\u00bb locked=\u00a0\u00bboff\u00a0\u00bb global_colors_info=\u00a0\u00bb{}\u00a0\u00bb][\/et_pb_button][\/et_pb_column][\/et_pb_row][et_pb_row column_structure=\u00a0\u00bb1_2,1_2&Prime; _builder_version=\u00a0\u00bb4.16&Prime; _module_preset=\u00a0\u00bbdefault\u00a0\u00bb max_width=\u00a0\u00bb350px\u00a0\u00bb max_width_tablet=\u00a0\u00bb350px\u00a0\u00bb max_width_phone=\u00a0\u00bb350px\u00a0\u00bb max_width_last_edited=\u00a0\u00bbon|phone\u00a0\u00bb global_colors_info=\u00a0\u00bb{}\u00a0\u00bb][et_pb_column type=\u00a0\u00bb1_2&Prime; _builder_version=\u00a0\u00bb4.16&Prime; _module_preset=\u00a0\u00bbdefault\u00a0\u00bb global_colors_info=\u00a0\u00bb{}\u00a0\u00bb][et_pb_text _builder_version=\u00a0\u00bb4.16&Prime; _module_preset=\u00a0\u00bb04ecb8b9-ae47-4faa-9bcf-42128f88a4f3&Prime; text_font=\u00a0\u00bbWork Sans Medium TT||||||||\u00a0\u00bb text_font_size=\u00a0\u00bb14px\u00a0\u00bb header_5_font=\u00a0\u00bbPragrati Narrow Regular TT||||||||\u00a0\u00bb header_5_text_color=\u00a0\u00bb#000000&Prime; header_6_font_size=\u00a0\u00bb14px\u00a0\u00bb header_6_letter_spacing=\u00a0\u00bb0px\u00a0\u00bb header_6_line_height=\u00a0\u00bb1em\u00a0\u00bb background_layout=\u00a0\u00bbdark\u00a0\u00bb global_colors_info=\u00a0\u00bb{}\u00a0\u00bb]<\/p>\n<p><span style=\"color: #ffffff;\"><a href=\"https:\/\/titanick.de\/fr\/alice-on-the-run\/\" style=\"color: #ffffff;\">Alice on the Run<\/a><a href=\"https:\/\/titanick.de\/fr\/firebirds\/\" style=\"color: #ffffff;\"><br \/>Firebirds <\/a><a href=\"https:\/\/titanick.de\/fr\/symphonie-des-fourneaux\/\" style=\"color: #ffffff;\"><br \/>Symphonie des Fourneaux<\/a><\/span><br \/><a href=\"https:\/\/titanick.de\/fr\/sonnambulo\/\"><span style=\"color: #ffffff;\">Sonnambulo<\/span><\/a><\/p>\n<p>[\/et_pb_text][\/et_pb_column][et_pb_column type=\u00a0\u00bb1_2&Prime; _builder_version=\u00a0\u00bb4.16&Prime; _module_preset=\u00a0\u00bbdefault\u00a0\u00bb global_colors_info=\u00a0\u00bb{}\u00a0\u00bb][et_pb_text _builder_version=\u00a0\u00bb4.16&Prime; _module_preset=\u00a0\u00bb04ecb8b9-ae47-4faa-9bcf-42128f88a4f3&Prime; text_font=\u00a0\u00bbWork Sans Medium TT||||||||\u00a0\u00bb text_font_size=\u00a0\u00bb14px\u00a0\u00bb header_line_height=\u00a0\u00bb1.6em\u00a0\u00bb header_3_font=\u00a0\u00bbPragrati Narrow Regular TT||||||||\u00a0\u00bb header_3_text_color=\u00a0\u00bb#000000&Prime; header_6_font_size=\u00a0\u00bb14px\u00a0\u00bb header_6_letter_spacing=\u00a0\u00bb0px\u00a0\u00bb header_6_line_height=\u00a0\u00bb1.5em\u00a0\u00bb background_layout=\u00a0\u00bbdark\u00a0\u00bb global_colors_info=\u00a0\u00bb{}\u00a0\u00bb]<\/p>\n<p><span style=\"color: #ffffff;\"><a href=\"https:\/\/titanick.de\/fr\/projets\/\" style=\"color: #ffffff;\">Projets<\/a><\/span><br \/><span style=\"color: #ffffff;\"><a href=\"https:\/\/titanick.de\/fr\/agenda\/\" style=\"color: #ffffff;\">Agenda<\/a><\/span><br \/><span style=\"color: #ffffff;\"><a href=\"https:\/\/titanick.de\/fr\/theater-titanick\/\" style=\"color: #ffffff;\">Theater Titanick<\/a><\/span><br \/><span style=\"color: #ffffff;\"><a href=\"https:\/\/titanick.de\/fr\/contact\/\" style=\"color: #ffffff;\">Contact<\/a><\/span><br \/><span style=\"color: #ffffff;\"><a href=\"https:\/\/titanick.de\/fr\/mentions-legales\/\" style=\"color: #ffffff;\">Mentions Legales<\/a><\/span><br \/><span style=\"color: #ffffff;\"><a href=\"https:\/\/titanick.de\/fr\/protection-des-donnees\/\" style=\"color: #ffffff;\">Protection des Donn\u00e9es<\/a><\/span><br \/><a href=\"\/fr\/\"><span style=\"color: #ffffff;\">Page d&rsquo;Accueil<\/span><\/a><\/p>\n<p>[\/et_pb_text][\/et_pb_column][\/et_pb_row][et_pb_row _builder_version=\u00a0\u00bb4.16&Prime; background_size=\u00a0\u00bbinitial\u00a0\u00bb background_position=\u00a0\u00bbtop_left\u00a0\u00bb background_repeat=\u00a0\u00bbrepeat\u00a0\u00bb custom_padding=\u00a0\u00bb1px|||||\u00a0\u00bb global_colors_info=\u00a0\u00bb{}\u00a0\u00bb][et_pb_column type=\u00a0\u00bb4_4&Prime; _builder_version=\u00a0\u00bb4.16&Prime; custom_padding=\u00a0\u00bb|||\u00a0\u00bb global_colors_info=\u00a0\u00bb{}\u00a0\u00bb custom_padding__hover=\u00a0\u00bb|||\u00a0\u00bb][et_pb_social_media_follow use_icon_font_size=\u00a0\u00bbon\u00a0\u00bb icon_font_size=\u00a0\u00bb27px\u00a0\u00bb _builder_version=\u00a0\u00bb4.16&Prime; text_orientation=\u00a0\u00bbcenter\u00a0\u00bb locked=\u00a0\u00bboff\u00a0\u00bb global_colors_info=\u00a0\u00bb{}\u00a0\u00bb][et_pb_social_media_follow_network social_network=\u00a0\u00bbfacebook\u00a0\u00bb url=\u00a0\u00bbhttps:\/\/www.facebook.com\/TheaterTitanick\/\u00a0\u00bb _builder_version=\u00a0\u00bb3.26.3&Prime; global_colors_info=\u00a0\u00bb{}\u00a0\u00bb follow_button=\u00a0\u00bboff\u00a0\u00bb url_new_window=\u00a0\u00bbon\u00a0\u00bb]facebook[\/et_pb_social_media_follow_network][et_pb_social_media_follow_network social_network=\u00a0\u00bbinstagram\u00a0\u00bb url=\u00a0\u00bbhttps:\/\/www.instagram.com\/theatertitanick\/\u00a0\u00bb _builder_version=\u00a0\u00bb3.26.3&Prime; global_colors_info=\u00a0\u00bb{}\u00a0\u00bb follow_button=\u00a0\u00bboff\u00a0\u00bb url_new_window=\u00a0\u00bbon\u00a0\u00bb]instagram[\/et_pb_social_media_follow_network][et_pb_social_media_follow_network social_network=\u00a0\u00bbyoutube\u00a0\u00bb url=\u00a0\u00bbhttps:\/\/www.youtube.com\/channel\/UC3x_CuC-Coe4kEVGl0GUINw\u00a0\u00bb _builder_version=\u00a0\u00bb3.26.3&Prime; global_colors_info=\u00a0\u00bb{}\u00a0\u00bb follow_button=\u00a0\u00bboff\u00a0\u00bb url_new_window=\u00a0\u00bbon\u00a0\u00bb]youtube[\/et_pb_social_media_follow_network][\/et_pb_social_media_follow][et_pb_text _builder_version=\u00a0\u00bb4.16&Prime; _dynamic_attributes=\u00a0\u00bbcontent\u00a0\u00bb text_font=\u00a0\u00bbWork Sans Medium Italic TT|||on|||||\u00a0\u00bb text_font_size=\u00a0\u00bb15px\u00a0\u00bb text_letter_spacing=\u00a0\u00bb2px\u00a0\u00bb header_6_font=\u00a0\u00bb||||||||\u00a0\u00bb header_6_letter_spacing=\u00a0\u00bb2px\u00a0\u00bb text_orientation=\u00a0\u00bbcenter\u00a0\u00bb background_layout=\u00a0\u00bbdark\u00a0\u00bb header_6_font_size_tablet=\u00a0\u00bb\u00a0\u00bb header_6_font_size_phone=\u00a0\u00bb13px\u00a0\u00bb header_6_font_size_last_edited=\u00a0\u00bbon|phone\u00a0\u00bb text_text_align=\u00a0\u00bbcenter\u00a0\u00bb locked=\u00a0\u00bboff\u00a0\u00bb global_colors_info=\u00a0\u00bb{}\u00a0\u00bb]@ET-DC@eyJkeW5hbWljIjp0cnVlLCJjb250ZW50IjoiY3VycmVudF9kYXRlIiwic2V0dGluZ3MiOnsiYmVmb3JlIjoiXHUwMGE5ICIsImFmdGVyIjoiIFRoZWF0ZXIgVGl0YW5pY2siLCJkYXRlX2Zvcm1hdCI6ImN1c3RvbSIsImN1c3RvbV9kYXRlX2Zvcm1hdCI6IlkifX0=@[\/et_pb_text][\/et_pb_column][\/et_pb_row][\/et_pb_section]<\/p>\n","protected":false},"excerpt":{"rendered":"<p>Mentions L\u00e9gales Angaben gem\u00e4\u00df \u00a7 5 TMG:Theater Titanick GbR, Hoppengarten 28\u202848147 M\u00fcnsterKontakt: Tel. +49 (0)251 2841101\u2028, Fax +49 (0)251 2841102, info(at)titanick.deVertreten durch: Uwe K\u00f6hler (www.uwe-k\u00f6hler.de)Umsatzsteuer-Identifikationsnummer: DE303697944 Urheberrechtliche Hinweise:M. Ahlke, M. Alby, J. Alemann, P. Baila, J. Busch, D.Buchholz, D. Dumitru, R. Eichhorn, R. Emmerich, U. Goo\u00dfens, S. Hehmann, M. Jehnichen, A. Kmieciak, U. K\u00f6hler, G.T. [&hellip;]<\/p>\n","protected":false},"author":1,"featured_media":0,"parent":0,"menu_order":0,"comment_status":"closed","ping_status":"closed","template":"","meta":{"_et_pb_use_builder":"on","_et_pb_old_content":"","_et_gb_content_width":"","inline_featured_image":false,"footnotes":""},"class_list":["post-1898","page","type-page","status-publish","hentry"],"yoast_head":"<!-- This site is optimized with the Yoast SEO plugin v27.5 - https:\/\/yoast.com\/product\/yoast-seo-wordpress\/ -->\n<title>Mentions L\u00e9gales - Theater Titanick<\/title>\n<meta name=\"robots\" content=\"index, follow, max-snippet:-1, max-image-preview:large, max-video-preview:-1\" \/>\n<link rel=\"canonical\" href=\"https:\/\/titanick.de\/fr\/mentions-legales\/\" \/>\n<meta property=\"og:locale\" content=\"fr_FR\" \/>\n<meta property=\"og:type\" content=\"article\" \/>\n<meta property=\"og:title\" content=\"Mentions L\u00e9gales - Theater Titanick\" \/>\n<meta property=\"og:description\" content=\"Mentions L\u00e9gales Angaben gem\u00e4\u00df \u00a7 5 TMG:Theater Titanick GbR, Hoppengarten 28\u202848147 M\u00fcnsterKontakt: Tel. +49 (0)251 2841101\u2028, Fax +49 (0)251 2841102, info(at)titanick.deVertreten durch: Uwe K\u00f6hler (www.uwe-k\u00f6hler.de)Umsatzsteuer-Identifikationsnummer: DE303697944 Urheberrechtliche Hinweise:M. Ahlke, M. Alby, J. Alemann, P. Baila, J. Busch, D.Buchholz, D. Dumitru, R. Eichhorn, R. Emmerich, U. Goo\u00dfens, S. Hehmann, M. Jehnichen, A. Kmieciak, U. K\u00f6hler, G.T. [&hellip;]\" \/>\n<meta property=\"og:url\" content=\"https:\/\/titanick.de\/fr\/mentions-legales\/\" \/>\n<meta property=\"og:site_name\" content=\"Theater Titanick\" \/>\n<meta property=\"article:modified_time\" content=\"2022-04-03T22:21:19+00:00\" \/>\n<meta name=\"twitter:card\" content=\"summary_large_image\" \/>\n<meta name=\"twitter:label1\" content=\"Dur\u00e9e de lecture estim\u00e9e\" \/>\n\t<meta name=\"twitter:data1\" content=\"4 minutes\" \/>\n<script type=\"application\/ld+json\" class=\"yoast-schema-graph\">{\"@context\":\"https:\\\/\\\/schema.org\",\"@graph\":[{\"@type\":\"WebPage\",\"@id\":\"https:\\\/\\\/titanick.de\\\/fr\\\/mentions-legales\\\/\",\"url\":\"https:\\\/\\\/titanick.de\\\/fr\\\/mentions-legales\\\/\",\"name\":\"Mentions L\u00e9gales - Theater Titanick\",\"isPartOf\":{\"@id\":\"https:\\\/\\\/titanick.de\\\/en\\\/#website\"},\"datePublished\":\"2018-06-21T10:47:10+00:00\",\"dateModified\":\"2022-04-03T22:21:19+00:00\",\"breadcrumb\":{\"@id\":\"https:\\\/\\\/titanick.de\\\/fr\\\/mentions-legales\\\/#breadcrumb\"},\"inLanguage\":\"fr-FR\",\"potentialAction\":[{\"@type\":\"ReadAction\",\"target\":[\"https:\\\/\\\/titanick.de\\\/fr\\\/mentions-legales\\\/\"]}]},{\"@type\":\"BreadcrumbList\",\"@id\":\"https:\\\/\\\/titanick.de\\\/fr\\\/mentions-legales\\\/#breadcrumb\",\"itemListElement\":[{\"@type\":\"ListItem\",\"position\":1,\"name\":\"Startseite\",\"item\":\"https:\\\/\\\/titanick.de\\\/fr\\\/\"},{\"@type\":\"ListItem\",\"position\":2,\"name\":\"Mentions L\u00e9gales\"}]},{\"@type\":\"WebSite\",\"@id\":\"https:\\\/\\\/titanick.de\\\/en\\\/#website\",\"url\":\"https:\\\/\\\/titanick.de\\\/en\\\/\",\"name\":\"Theater Titanick\",\"description\":\"Stra\u00dfentheater\",\"publisher\":{\"@id\":\"https:\\\/\\\/titanick.de\\\/en\\\/#organization\"},\"potentialAction\":[{\"@type\":\"SearchAction\",\"target\":{\"@type\":\"EntryPoint\",\"urlTemplate\":\"https:\\\/\\\/titanick.de\\\/en\\\/?s={search_term_string}\"},\"query-input\":{\"@type\":\"PropertyValueSpecification\",\"valueRequired\":true,\"valueName\":\"search_term_string\"}}],\"inLanguage\":\"fr-FR\"},{\"@type\":\"Organization\",\"@id\":\"https:\\\/\\\/titanick.de\\\/en\\\/#organization\",\"name\":\"Theater Titanick\",\"url\":\"https:\\\/\\\/titanick.de\\\/en\\\/\",\"logo\":{\"@type\":\"ImageObject\",\"inLanguage\":\"fr-FR\",\"@id\":\"https:\\\/\\\/titanick.de\\\/en\\\/#\\\/schema\\\/logo\\\/image\\\/\",\"url\":\"https:\\\/\\\/titanick.de\\\/wp-content\\\/uploads\\\/2018\\\/09\\\/theater-titanick-alice.jpg\",\"contentUrl\":\"https:\\\/\\\/titanick.de\\\/wp-content\\\/uploads\\\/2018\\\/09\\\/theater-titanick-alice.jpg\",\"width\":772,\"height\":600,\"caption\":\"Theater Titanick\"},\"image\":{\"@id\":\"https:\\\/\\\/titanick.de\\\/en\\\/#\\\/schema\\\/logo\\\/image\\\/\"}}]}<\/script>\n<!-- \/ Yoast SEO plugin. -->","yoast_head_json":{"title":"Mentions L\u00e9gales - Theater Titanick","robots":{"index":"index","follow":"follow","max-snippet":"max-snippet:-1","max-image-preview":"max-image-preview:large","max-video-preview":"max-video-preview:-1"},"canonical":"https:\/\/titanick.de\/fr\/mentions-legales\/","og_locale":"fr_FR","og_type":"article","og_title":"Mentions L\u00e9gales - Theater Titanick","og_description":"Mentions L\u00e9gales Angaben gem\u00e4\u00df \u00a7 5 TMG:Theater Titanick GbR, Hoppengarten 28\u202848147 M\u00fcnsterKontakt: Tel. +49 (0)251 2841101\u2028, Fax +49 (0)251 2841102, info(at)titanick.deVertreten durch: Uwe K\u00f6hler (www.uwe-k\u00f6hler.de)Umsatzsteuer-Identifikationsnummer: DE303697944 Urheberrechtliche Hinweise:M. Ahlke, M. Alby, J. Alemann, P. Baila, J. Busch, D.Buchholz, D. Dumitru, R. Eichhorn, R. Emmerich, U. Goo\u00dfens, S. Hehmann, M. Jehnichen, A. Kmieciak, U. K\u00f6hler, G.T. [&hellip;]","og_url":"https:\/\/titanick.de\/fr\/mentions-legales\/","og_site_name":"Theater Titanick","article_modified_time":"2022-04-03T22:21:19+00:00","twitter_card":"summary_large_image","twitter_misc":{"Dur\u00e9e de lecture estim\u00e9e":"4 minutes"},"schema":{"@context":"https:\/\/schema.org","@graph":[{"@type":"WebPage","@id":"https:\/\/titanick.de\/fr\/mentions-legales\/","url":"https:\/\/titanick.de\/fr\/mentions-legales\/","name":"Mentions L\u00e9gales - Theater Titanick","isPartOf":{"@id":"https:\/\/titanick.de\/en\/#website"},"datePublished":"2018-06-21T10:47:10+00:00","dateModified":"2022-04-03T22:21:19+00:00","breadcrumb":{"@id":"https:\/\/titanick.de\/fr\/mentions-legales\/#breadcrumb"},"inLanguage":"fr-FR","potentialAction":[{"@type":"ReadAction","target":["https:\/\/titanick.de\/fr\/mentions-legales\/"]}]},{"@type":"BreadcrumbList","@id":"https:\/\/titanick.de\/fr\/mentions-legales\/#breadcrumb","itemListElement":[{"@type":"ListItem","position":1,"name":"Startseite","item":"https:\/\/titanick.de\/fr\/"},{"@type":"ListItem","position":2,"name":"Mentions L\u00e9gales"}]},{"@type":"WebSite","@id":"https:\/\/titanick.de\/en\/#website","url":"https:\/\/titanick.de\/en\/","name":"Theater Titanick","description":"Stra\u00dfentheater","publisher":{"@id":"https:\/\/titanick.de\/en\/#organization"},"potentialAction":[{"@type":"SearchAction","target":{"@type":"EntryPoint","urlTemplate":"https:\/\/titanick.de\/en\/?s={search_term_string}"},"query-input":{"@type":"PropertyValueSpecification","valueRequired":true,"valueName":"search_term_string"}}],"inLanguage":"fr-FR"},{"@type":"Organization","@id":"https:\/\/titanick.de\/en\/#organization","name":"Theater Titanick","url":"https:\/\/titanick.de\/en\/","logo":{"@type":"ImageObject","inLanguage":"fr-FR","@id":"https:\/\/titanick.de\/en\/#\/schema\/logo\/image\/","url":"https:\/\/titanick.de\/wp-content\/uploads\/2018\/09\/theater-titanick-alice.jpg","contentUrl":"https:\/\/titanick.de\/wp-content\/uploads\/2018\/09\/theater-titanick-alice.jpg","width":772,"height":600,"caption":"Theater Titanick"},"image":{"@id":"https:\/\/titanick.de\/en\/#\/schema\/logo\/image\/"}}]}},"_links":{"self":[{"href":"https:\/\/titanick.de\/fr\/wp-json\/wp\/v2\/pages\/1898","targetHints":{"allow":["GET"]}}],"collection":[{"href":"https:\/\/titanick.de\/fr\/wp-json\/wp\/v2\/pages"}],"about":[{"href":"https:\/\/titanick.de\/fr\/wp-json\/wp\/v2\/types\/page"}],"author":[{"embeddable":true,"href":"https:\/\/titanick.de\/fr\/wp-json\/wp\/v2\/users\/1"}],"replies":[{"embeddable":true,"href":"https:\/\/titanick.de\/fr\/wp-json\/wp\/v2\/comments?post=1898"}],"version-history":[{"count":0,"href":"https:\/\/titanick.de\/fr\/wp-json\/wp\/v2\/pages\/1898\/revisions"}],"wp:attachment":[{"href":"https:\/\/titanick.de\/fr\/wp-json\/wp\/v2\/media?parent=1898"}],"curies":[{"name":"wp","href":"https:\/\/api.w.org\/{rel}","templated":true}]}}